{"id":15,"date":"2020-09-04T13:40:29","date_gmt":"2020-09-04T13:40:29","guid":{"rendered":"https:\/\/www.swaytheme.com\/kindergarten\/?page_id=5"},"modified":"2025-02-20T14:49:02","modified_gmt":"2025-02-20T14:49:02","slug":"home-kindergarten","status":"publish","type":"page","link":"https:\/\/cisaocam.com\/fr\/","title":{"rendered":"Home Kindergarten"},"content":{"rendered":"<div class=\"wpb-content-wrapper\"><div data-vc-full-width=\"true\" data-vc-full-width-init=\"false\" class=\"vc_row wpb_row vc_row-fluid intro-section vc_custom_1740047211553 vc_custom_1740047211554 vc_row-has-fill vc_row-has-padding-top vc_row-has-padding-bottom vc_row-fixed-bg vc_row-bg-position-top vc_row-waves-sep\"><div class=\"kd-overlay\"  style=\"background-color:rgba(84,135,67,0.7);\"><\/div><div class=\"wpb_column vc_column_container vc_col-sm-12\"><div class=\"vc_column-inner\"><div class=\"wpb_wrapper\"><div class=\"vc_row wpb_row vc_inner vc_row-fluid vc_custom_1513001355456 vc_row-bg-position-top\"><div class=\"wpb_column vc_column_container vc_col-sm-12\"><div class=\"vc_column-inner\"><div class=\"wpb_wrapper\"><div data-speed=\"2000\" class=\"kd-text-rotator kd-rotatorid-69ff1999e9221 text-left \"><h1 class=\"kd-text-rotator-container push\" style=\" color: #ffffff; font-size: 80px;\"><span class=\"kd-rotator-wrapper\"><span class=\"rotator-single is-visible\">BIENVENUE AU CISAO<\/span><\/span><\/h1><\/div><div class=\"vc_empty_space\"   style=\"height: 25px\"><span class=\"vc_empty_space_inner\"><\/span><\/div><header class=\"kd-section-title col-lg-12 text-left  subtitle-below-title kd-animated fadeIn   vc_custom_1740048375719\" data-animation-delay=200><h6 class=\"subtitle\" style=\"color: #ffffff;\">Camera di Commercio Italo-Senegalese e dell'Africa Occidentale<br \/>\nChambre de Commerce Italie-Senegal et Afrique de l\u2019Ouest<\/h6><\/header><a  href=\"https:\/\/cisaocam.com\/login-4\/\"  target=\"_self\"  title=\"\"  class=\"tt_button tt_primary_button btn_secondary_color hover_outline_white btn-align-left button-action-link icon_right  kd-animated zoomIn\" data-animation-delay=200><span class=\"prim_text\">Connectez-vous<\/span><span class=\"fas fa-chevron-right iconita\" ><\/span><\/a><a  href=\"https:\/\/cisaocam.com\/devenir-membre\/\"  target=\"_self\"  title=\"Register\"  class=\"tt_button tt_secondary_button btn_secondary_color  btn-align-left button-action-link icon_right  kd-animated zoomIn\" data-animation-delay=200><span class=\"prim_text\">Devenir membre<\/span><span class=\"fas fa-chevron-right iconita\" ><\/span><\/a><\/div><\/div><\/div><\/div><\/div><\/div><\/div><div class=\"kd-row-separator kd-row-separator-bottom separator-height-large\"><svg class=\"separator-waves\" xmlns=\"http:\/\/www.w3.org\/2000\/svg\" xmlns:xlink=\"http:\/\/www.w3.org\/1999\/xlink\" viewBox=\"0 24 150 28\" preserveAspectRatio=\"none\" shape-rendering=\"auto\">\n\t\t\t<defs>\n\t\t\t<path id=\"gentle-wave\" d=\"M-160 44c30 0 58-18 88-18s 58 18 88 18 58-18 88-18 58 18 88 18 v44h-352z\" \/>\n\t\t\t<\/defs>\n\t\t\t<g class=\"separator-waves-parallax\">\n\t\t\t<use xlink:href=\"#gentle-wave\" x=\"48\" y=\"0\" fill=\"#fff\" style=\"opacity:0.7;\" \/>\n\t\t\t<use xlink:href=\"#gentle-wave\" x=\"48\" y=\"3\" fill=\"#fff\" style=\"opacity:0.5;\" \/>\n\t\t\t<use xlink:href=\"#gentle-wave\" x=\"48\" y=\"5\" fill=\"#fff\" style=\"opacity:0.3;\" \/>\n\t\t\t<use xlink:href=\"#gentle-wave\" x=\"48\" y=\"7\" fill=\"#fff\" \/>\n\t\t\t<\/g>\n\t\t\t<\/svg><\/div><div class=\"kd-row-separator-clear\"><\/div><\/div><div class=\"vc_row-full-width vc_clearfix\"><\/div><div class=\"vc_row wpb_row vc_row-fluid vc_custom_1599234932923 vc_custom_1599234932924 vc_custom_1599234932925 vc_custom_1599234932926 vc_row-has-padding-top vc_row-has-padding-bottom vc_row-bg-position-top\"><div class=\"wpb_column vc_column_container vc_col-sm-12\"><div class=\"vc_column-inner vc_custom_1597665991208\"><div class=\"wpb_wrapper\"><header class=\"kd-section-title col-lg-12 text-center  subtitle-below-title kd-animated fadeIn   vc_custom_1713775190710\" data-animation-delay=200><h2 class=\"separator_off\" style=\"font-size: 42px;\">Nos Services<\/h2><h6 class=\"subtitle\" style=\"color: #7c7c7c;\">Nos services visent \u00e0 obtenir les meilleurs r\u00e9sultats pour nos clients, faisant de notre institution<br \/>\nle meilleur choix pour d\u00e9velopper votre entreprise !<\/h6><\/header><div class=\"vc_row wpb_row vc_inner vc_row-fluid vc_row-bg-position-top\"><div class=\"wpb_column vc_column_container vc_col-sm-4\"><div class=\"vc_column-inner\"><div class=\"wpb_wrapper\"><div class=\"key-icon-box icon-default icon-top cont-center ib-hover-1    with-border icon-with-background icon-no-border kd-animated fadeInUp\" style=\"background-color: transparent;border: 1px solid #e7e7e7;margin-bottom:30px;\" ><div class=\"ib-wrapper\" style=\"padding-top:40px;padding-bottom:60px;padding-left:60px;padding-right:60px;\"><div class=\"ib-icon-wrapper\" style=\"width:70px;height:70px;margin-bottom:40px;\"><i class=\"iconsmind-Line-Chart iconsmind-Business-Finance\" style=\"font-weight: 400;\"><\/i> <\/div><h3 class=\"service-heading\" >\u00c9tudes de faisabilit\u00e9<\/h3><p >Nous nous occupons de recherches, d\u2019enqu\u00eates statistiques et d\u2019analyses commerciales ...<\/p><\/div><\/div><\/div><\/div><\/div><div class=\"wpb_column vc_column_container vc_col-sm-4\"><div class=\"vc_column-inner\"><div class=\"wpb_wrapper\"><div class=\"key-icon-box icon-default icon-top cont-center ib-hover-1    with-border icon-with-background icon-no-border kd-animated fadeInUp\" style=\"background-color: transparent;border: 1px solid #e7e7e7;margin-bottom:30px;\" data-animation-delay=200><div class=\"ib-wrapper\" style=\"padding-top:40px;padding-bottom:60px;padding-left:60px;padding-right:60px;\"><div class=\"ib-icon-wrapper\" style=\"width:70px;height:70px;margin-bottom:40px;\"><i class=\"iconsmind-Museum iconsmind-Buildings-Landmarks\" style=\"font-weight: 400;\"><\/i> <\/div><h3 class=\"service-heading\" >Scouting et rencontres B2B<\/h3><p >Nous trouvons vos prochains clients potentiels, investisseurs, partenaires de coentreprises ...<\/p><\/div><\/div><\/div><\/div><\/div><div class=\"wpb_column vc_column_container vc_col-sm-4\"><div class=\"vc_column-inner\"><div class=\"wpb_wrapper\"><div class=\"key-icon-box icon-default icon-top cont-center ib-hover-1    with-border icon-with-background icon-no-border kd-animated fadeInUp\" style=\"background-color: transparent;border: 1px solid #e7e7e7;margin-bottom:30px;\" data-animation-delay=400><div class=\"ib-wrapper\" style=\"padding-top:40px;padding-bottom:60px;padding-left:60px;padding-right:60px;\"><div class=\"ib-icon-wrapper\" style=\"width:70px;height:70px;margin-bottom:40px;\"><i class=\"iconsmind-Folder-WithDocument iconsmind-Folders-Class\" style=\"font-weight: 400;\"><\/i> <\/div><h3 class=\"service-heading\" >\u00c9tudes<br \/>\nde march\u00e9<\/h3><p >Nous fournissons des statistiques, des informations sur les droits de douane, des analyses de la concurrence ...<\/p><\/div><\/div><\/div><\/div><\/div><\/div><a  href=\"https:\/\/cisaocam.com\/services\/\"  target=\"_self\"  title=\"\"  class=\"tt_button tt_secondary_button btn_secondary_color  button-center button-action-link\" ><span class=\"prim_text\">Voir plus<\/span><\/a><\/div><\/div><\/div><\/div><div data-vc-full-width=\"true\" data-vc-full-width-init=\"false\" class=\"vc_row wpb_row vc_row-fluid vc_row-bg-position-top\"><div class=\"wpb_column vc_column_container vc_col-sm-6\"><div class=\"vc_column-inner\"><div class=\"wpb_wrapper\"><div class=\"photo-gallery-wrapper  slider-layout kd-photo-gallery-69ff1999ea144 nav-arrows-dots\">\r\n              <div class=\"gallery-items\"><div class=\"pg-child-image\" ><a href= data-size=\"x\"  ><\/a><\/div><\/div>\r\n            <\/div><script>\r\n              jQuery(document).ready(function($){\r\n                if ($(\".kd-photo-gallery-69ff1999ea144 .gallery-items\").length) {\r\n                  $(\".kd-photo-gallery-69ff1999ea144 .gallery-items\").owlCarousel({\r\n                    stageClass: \"owl-wrapper\",\r\n                    stageOuterClass: \"owl-wrapper-outer\",\r\n                    loadedClass: \"owl-carousel\",\r\n                    items: 1,\r\n                    rewind: true,\r\n                    responsive:{\r\n                        0:{\r\n                            dots: false,\r\n                            nav: true,\r\n                            navSpeed: 500,\r\n                        },\r\n                        1366:{\nnav: true,\r\n                                navSpeed: 500,\r\n                                dots: true,\r\n                                dotsSpeed: 500,\r\n                                dotsEach: true,}\r\n                    },\nautoplay: false,\nautoplayHoverPause: false,\r\n                    addClassActive: true,\r\n                  });\r\n                }\r\n              });\r\n            <\/script><\/div><\/div><\/div><div class=\"wpb_column vc_column_container vc_col-sm-6\"><div class=\"vc_column-inner\"><div class=\"wpb_wrapper\"><header class=\"kd-section-title col-lg-12 text-left  subtitle-below-title kd-animated fadeIn   vc_custom_1739982547579\" data-animation-delay=200><h2 class=\"separator_off\" style=\"margin-bottom:30px;\">Besoin d\u2019accompagnement pour devenir un memebre ?<\/h2><h6 class=\"subtitle\" >Contactez-nous pour obtenir le processus complet et avoir plus d'informations \u00e0 propos de nous<\/h6><\/header>\n\t<div class=\"wpb_text_column wpb_content_element \" >\n\t\t<div class=\"wpb_wrapper\">\n\t\t\t<p>Toute l\u2019\u00e9quipe de CISAO sont l\u00e0 pour r\u00e9pondre \u00e0 vos questions<\/p>\n<ul>\n<li><strong>Du Lundi au Vendredi 8:00-18:00<\/strong><\/li>\n<li><strong>Le Samedi 8:00-13:00<\/strong><\/li>\n<\/ul>\n\n\t\t<\/div>\n\t<\/div>\n<div class=\"vc_empty_space\"   style=\"height: 30px\"><span class=\"vc_empty_space_inner\"><\/span><\/div><a  href=\"#\"  target=\"_self\"  title=\"\"  class=\"tt_button tt_primary_button btn_primary_color  btn-align-left button-action-link icon_right  kd-animated zoomIn\" data-animation-delay=200><span class=\"prim_text\">Appeler maintenanat<\/span><span class=\"fas fa-chevron-right iconita\" style=\"font-size:12px;\"><\/span><\/a><\/div><\/div><\/div><\/div><div class=\"vc_row-full-width vc_clearfix\"><\/div><div data-vc-full-width=\"true\" data-vc-full-width-init=\"false\" class=\"vc_row wpb_row vc_row-fluid vc_custom_1541417547006 vc_row-has-padding-top vc_row-bg-position-top\"><div class=\"wpb_column vc_column_container vc_col-sm-12\"><div class=\"vc_column-inner vc_custom_1515677064675\"><div class=\"wpb_wrapper\"><div class=\"vc_row wpb_row vc_inner vc_row-fluid vc_row-bg-position-top\"><div class=\"wpb_column vc_column_container vc_col-sm-12\"><div class=\"vc_column-inner\"><div class=\"wpb_wrapper\"><header class=\"kd-section-title vc_col-lg-6 vc_col-sm-8 text-center  subtitle-below-title kd-animated fadeIn   vc_custom_1740061407695\" data-animation-delay=200><h2 class=\"separator_off\" >Nos Blog<\/h2><h6 class=\"subtitle\" >D\u00e9couvrez notre blog et laissez-vous inspirer par des articles enrichissants.<\/h6><\/header><\/div><\/div><\/div><\/div><div class=\"vc_row wpb_row vc_inner vc_row-fluid vc_custom_1541417551563 vc_row-has-padding-bottom vc_row-bg-position-top\"><div class=\"wpb_column vc_column_container vc_col-sm-12\"><div class=\"vc_column-inner\"><div class=\"wpb_wrapper\">\n<div class=\"vc_grid-container-wrapper vc_clearfix\">\n\t<div class=\"vc_grid-container vc_clearfix wpb_content_element vc_basic_grid\" data-initial-loading-animation=\"fadeIn\" data-vc-grid-settings=\"{&quot;page_id&quot;:15,&quot;style&quot;:&quot;all&quot;,&quot;action&quot;:&quot;vc_get_vc_grid_data&quot;,&quot;shortcode_id&quot;:&quot;1740061422807-928feccd-9f2d-10&quot;,&quot;tag&quot;:&quot;vc_basic_grid&quot;}\" data-vc-request=\"https:\/\/cisaocam.com\/wp-admin\/admin-ajax.php\" data-vc-post-id=\"15\" data-vc-public-nonce=\"76b9ce2bd3\">\n\t\t<style data-type=\"vc_shortcodes-custom-css\">.vc_custom_1419240516480{background-color: #f9f9f9 !important;}<\/style><div class=\"vc_grid vc_row vc_grid-gutter-20px vc_pageable-wrapper vc_hook_hover\" data-vc-pageable-content=\"true\"><div class=\"vc_pageable-slide-wrapper vc_clearfix\" data-vc-grid-content=\"true\"><div class=\"vc_grid-item vc_clearfix vc_col-sm-4 vc_grid-item-zone-c-bottom\"><div class=\"vc_grid-item-mini vc_clearfix \"><div class=\"vc_gitem-animated-block\" ><div class=\"vc_gitem-zone vc_gitem-zone-a vc-gitem-zone-height-mode-auto vc-gitem-zone-height-mode-auto-1-1 vc_gitem-is-link\" style=\"background-image: url('https:\/\/cisaocam.com\/wp-content\/uploads\/2026\/01\/image-23-518x1024.png') !important;\"><a href=\"https:\/\/cisaocam.com\/fr\/progetti-in-atto-piano-mattei\/\" title=\"Progetti in atto: PIANO MATTEI\" class=\"vc_gitem-link vc-zone-link\" ><\/a><img decoding=\"async\" class=\"vc_gitem-zone-img\" src=\"https:\/\/cisaocam.com\/wp-content\/uploads\/2026\/01\/image-23-518x1024.png\" alt=\"Progetti in atto: PIANO MATTEI\" loading=\"lazy\"><div class=\"vc_gitem-zone-mini\"><\/div><\/div><\/div><div class=\"vc_gitem-zone vc_gitem-zone-c vc_custom_1419240516480\"><div class=\"vc_gitem-zone-mini\"><div class=\"vc_gitem_row vc_row vc_gitem-row-position-top\"><div class=\"vc_col-sm-12 vc_gitem-col vc_gitem-col-align-\"><div class=\"vc_custom_heading vc_gitem-post-data vc_gitem-post-data-source-post_title\" ><h4 style=\"text-align: left\" ><a href=\"https:\/\/cisaocam.com\/fr\/progetti-in-atto-piano-mattei\/\" class=\"vc_gitem-link\" title=\"Progetti in atto: PIANO MATTEI\">Progetti in atto: PIANO MATTEI<\/a><\/h4><\/div><div class=\"vc_custom_heading vc_gitem-post-data vc_gitem-post-data-source-post_excerpt\" ><p style=\"text-align: left\" ><p>Grazie alla collaborazione tra Confindustria e lo Studio Paraluppi e Scuderi , la Camera di Commercio Italo Senegalese ha fissato [&hellip;]<\/p>\n<\/p><\/div><div class=\"vc_btn3-container vc_btn3-left\"><a class=\"vc_general vc_btn3 vc_btn3-size-md vc_btn3-shape-rounded vc_btn3-style-flat vc_btn3-color-juicy-pink\" a href=\"https:\/\/cisaocam.com\/fr\/progetti-in-atto-piano-mattei\/\" class=\"vc_gitem-link vc_general vc_btn3 vc_general vc_btn3 vc_btn3-size-md vc_btn3-shape-rounded vc_btn3-style-flat vc_btn3-color-juicy-pink\" title=\"Read more\">Read more<\/a><\/div><\/div><\/div><\/div><\/div><\/div><div class=\"vc_clearfix\"><\/div><\/div><div class=\"vc_grid-item vc_clearfix vc_col-sm-4 vc_grid-item-zone-c-bottom\"><div class=\"vc_grid-item-mini vc_clearfix \"><div class=\"vc_gitem-animated-block\" ><div class=\"vc_gitem-zone vc_gitem-zone-a vc-gitem-zone-height-mode-auto vc-gitem-zone-height-mode-auto-1-1 vc_gitem-is-link\" style=\"background-image: url('https:\/\/cisaocam.com\/wp-content\/uploads\/2026\/01\/image-20.png') !important;\"><a href=\"https:\/\/cisaocam.com\/fr\/le-plan-mattei\/\" title=\"Le Plan Mattei\" class=\"vc_gitem-link vc-zone-link\" ><\/a><img decoding=\"async\" class=\"vc_gitem-zone-img\" src=\"https:\/\/cisaocam.com\/wp-content\/uploads\/2026\/01\/image-20.png\" alt=\"Le Plan Mattei\" loading=\"lazy\"><div class=\"vc_gitem-zone-mini\"><\/div><\/div><\/div><div class=\"vc_gitem-zone vc_gitem-zone-c vc_custom_1419240516480\"><div class=\"vc_gitem-zone-mini\"><div class=\"vc_gitem_row vc_row vc_gitem-row-position-top\"><div class=\"vc_col-sm-12 vc_gitem-col vc_gitem-col-align-\"><div class=\"vc_custom_heading vc_gitem-post-data vc_gitem-post-data-source-post_title\" ><h4 style=\"text-align: left\" ><a href=\"https:\/\/cisaocam.com\/fr\/le-plan-mattei\/\" class=\"vc_gitem-link\" title=\"Le Plan Mattei\">Le Plan Mattei<\/a><\/h4><\/div><div class=\"vc_custom_heading vc_gitem-post-data vc_gitem-post-data-source-post_excerpt\" ><p style=\"text-align: left\" ><p>Soir\u00e9e CISAO 25 septembre 2025Costa d&#8217;Avorio &#8211; Abidjan Soiree mensuel avec ap\u00e9ro de la CISAO CIAvec les th\u00e8mes principaux. &#8211; [&hellip;]<\/p>\n<\/p><\/div><div class=\"vc_btn3-container vc_btn3-left\"><a class=\"vc_general vc_btn3 vc_btn3-size-md vc_btn3-shape-rounded vc_btn3-style-flat vc_btn3-color-juicy-pink\" a href=\"https:\/\/cisaocam.com\/fr\/le-plan-mattei\/\" class=\"vc_gitem-link vc_general vc_btn3 vc_general vc_btn3 vc_btn3-size-md vc_btn3-shape-rounded vc_btn3-style-flat vc_btn3-color-juicy-pink\" title=\"Read more\">Read more<\/a><\/div><\/div><\/div><\/div><\/div><\/div><div class=\"vc_clearfix\"><\/div><\/div><div class=\"vc_grid-item vc_clearfix vc_col-sm-4 vc_grid-item-zone-c-bottom\"><div class=\"vc_grid-item-mini vc_clearfix \"><div class=\"vc_gitem-animated-block\" ><div class=\"vc_gitem-zone vc_gitem-zone-a vc-gitem-zone-height-mode-auto vc-gitem-zone-height-mode-auto-1-1 vc_gitem-is-link\" style=\"background-image: url('https:\/\/cisaocam.com\/wp-content\/uploads\/2026\/01\/image-17-819x1024.png') !important;\"><a href=\"https:\/\/cisaocam.com\/fr\/atlm-expo-the-signing-of-our-agreement\/\" title=\"ATLM EXPO: the signing of our agreement pour les foires en Afrique\" class=\"vc_gitem-link vc-zone-link\" ><\/a><img decoding=\"async\" class=\"vc_gitem-zone-img\" src=\"https:\/\/cisaocam.com\/wp-content\/uploads\/2026\/01\/image-17-819x1024.png\" alt=\"ATLM EXPO: the signing of our agreement pour les foires en Afrique\" loading=\"lazy\"><div class=\"vc_gitem-zone-mini\"><\/div><\/div><\/div><div class=\"vc_gitem-zone vc_gitem-zone-c vc_custom_1419240516480\"><div class=\"vc_gitem-zone-mini\"><div class=\"vc_gitem_row vc_row vc_gitem-row-position-top\"><div class=\"vc_col-sm-12 vc_gitem-col vc_gitem-col-align-\"><div class=\"vc_custom_heading vc_gitem-post-data vc_gitem-post-data-source-post_title\" ><h4 style=\"text-align: left\" ><a href=\"https:\/\/cisaocam.com\/fr\/atlm-expo-the-signing-of-our-agreement\/\" class=\"vc_gitem-link\" title=\"ATLM EXPO: the signing of our agreement pour les foires en Afrique\">ATLM EXPO: the signing of our agreement pour les foires en Afrique<\/a><\/h4><\/div><div class=\"vc_custom_heading vc_gitem-post-data vc_gitem-post-data-source-post_excerpt\" ><p style=\"text-align: left\" ><p>C\u00f4te d&#8217;Ivoire &#8211; 25 Septembre 2025AbidjanRestaurant da Peppe Nous sommes fiers d&#8217;annoncer la signature de notre accord avec la CISAO [&hellip;]<\/p>\n<\/p><\/div><div class=\"vc_btn3-container vc_btn3-left\"><a class=\"vc_general vc_btn3 vc_btn3-size-md vc_btn3-shape-rounded vc_btn3-style-flat vc_btn3-color-juicy-pink\" a href=\"https:\/\/cisaocam.com\/fr\/atlm-expo-the-signing-of-our-agreement\/\" class=\"vc_gitem-link vc_general vc_btn3 vc_general vc_btn3 vc_btn3-size-md vc_btn3-shape-rounded vc_btn3-style-flat vc_btn3-color-juicy-pink\" title=\"Read more\">Read more<\/a><\/div><\/div><\/div><\/div><\/div><\/div><div class=\"vc_clearfix\"><\/div><\/div><\/div><\/div>\n\t<\/div>\n<\/div><\/div><\/div><\/div><\/div><\/div><\/div><\/div><\/div><div class=\"vc_row-full-width vc_clearfix\"><\/div><div data-vc-full-width=\"true\" data-vc-full-width-init=\"false\" class=\"vc_row wpb_row vc_row-fluid vc_row-bg-position-top\"><div class=\"wpb_column vc_column_container vc_col-sm-12\"><div class=\"vc_column-inner\"><div class=\"wpb_wrapper\"><header class=\"kd-section-title col-lg-12 text-center  subtitle-below-title kd-animated fadeIn   vc_custom_1716307793437\" data-animation-delay=200><h2 class=\"separator_off\" style=\"font-size: 42px;\">Devenir associ\u00e9<\/h2><\/header>\n\t<div class=\"wpb_text_column wpb_content_element \" >\n\t\t<div class=\"wpb_wrapper\">\n\t\t\t<div class=\"sdm_download_item \"><div class=\"sdm_download_item_top\"><div class=\"sdm_download_thumbnail\"><\/div><div class=\"sdm_download_title\">Scheda di adesione Fiche d adhesion CISAO more payment africa sas<\/div><\/div><div style=\"clear:both;\"><\/div><div class=\"sdm_download_description\"><p>Downoload the file<\/p>\n<\/div><div class=\"sdm_download_link\"><span class=\"sdm_download_button\"><a href=\"https:\/\/cisaocam.com\/fr\/?sdm_process_download=1&download_id=9849\" class=\"sdm_download green\" title=\"Scheda di adesione Fiche d adhesion CISAO more payment africa sas\" target=\"_self\">T\u00e9l\u00e9charger le catalogue<\/a><\/span><span class=\"sdm_download_item_count\"><span class=\"sdm_item_count_number\">1074<\/span><span class=\"sdm_item_count_string\"> t\u00e9l\u00e9chargements<\/span><\/span><\/div><\/div><div class=\"sdm_clear_float\"><\/div>\n\n\t\t<\/div>\n\t<\/div>\n<\/div><\/div><\/div><\/div><div class=\"vc_row-full-width vc_clearfix\"><\/div><div class=\"vc_row wpb_row vc_row-fluid vc_row-bg-position-top\"><div class=\"wpb_column vc_column_container vc_col-sm-12\"><div class=\"vc_column-inner\"><div class=\"wpb_wrapper\"><\/div><\/div><\/div><\/div>\n<\/div>","protected":false},"excerpt":{"rendered":"BIENVENUE AU CISAOCamera di Commercio Italo-Senegalese e dell'Africa Occidentale Chambre de Commerce Italie-Senegal et Afrique de l\u2019OuestConnectez-vousDevenir membre Nos ServicesNos [...]","protected":false},"author":1,"featured_media":0,"parent":0,"menu_order":0,"comment_status":"closed","ping_status":"closed","template":"","meta":{"footnotes":""},"class_list":["post-15","page","type-page","status-publish","hentry"],"_links":{"self":[{"href":"https:\/\/cisaocam.com\/fr\/wp-json\/wp\/v2\/pages\/15","targetHints":{"allow":["GET"]}}],"collection":[{"href":"https:\/\/cisaocam.com\/fr\/wp-json\/wp\/v2\/pages"}],"about":[{"href":"https:\/\/cisaocam.com\/fr\/wp-json\/wp\/v2\/types\/page"}],"author":[{"embeddable":true,"href":"https:\/\/cisaocam.com\/fr\/wp-json\/wp\/v2\/users\/1"}],"replies":[{"embeddable":true,"href":"https:\/\/cisaocam.com\/fr\/wp-json\/wp\/v2\/comments?post=15"}],"version-history":[{"count":46,"href":"https:\/\/cisaocam.com\/fr\/wp-json\/wp\/v2\/pages\/15\/revisions"}],"predecessor-version":[{"id":10018,"href":"https:\/\/cisaocam.com\/fr\/wp-json\/wp\/v2\/pages\/15\/revisions\/10018"}],"wp:attachment":[{"href":"https:\/\/cisaocam.com\/fr\/wp-json\/wp\/v2\/media?parent=15"}],"curies":[{"name":"wp","href":"https:\/\/api.w.org\/{rel}","templated":true}]}}