{"id":9633,"date":"2024-04-22T12:45:31","date_gmt":"2024-04-22T12:45:31","guid":{"rendered":"https:\/\/cisaocam.com\/?page_id=9633"},"modified":"2025-02-21T15:00:29","modified_gmt":"2025-02-21T15:00:29","slug":"services","status":"publish","type":"page","link":"https:\/\/cisaocam.com\/fr\/services\/","title":{"rendered":"Services"},"content":{"rendered":"<div class=\"wpb-content-wrapper\"><div class=\"vc_row wpb_row vc_row-fluid vc_row-bg-position-top\"><div class=\"wpb_column vc_column_container vc_col-sm-12\"><div class=\"vc_column-inner\"><div class=\"wpb_wrapper\"><div class=\"vc_empty_space\"   style=\"height: 120px\"><span class=\"vc_empty_space_inner\"><\/span><\/div><\/div><\/div><\/div><\/div><div data-vc-full-width=\"true\" data-vc-full-width-init=\"false\" class=\"vc_row wpb_row vc_row-fluid vc_custom_1599557409421 vc_row-has-fill vc_row-has-padding-top vc_row-bg-position-bottom\"><div class=\"wpb_column vc_column_container vc_col-sm-12\"><div class=\"vc_column-inner vc_custom_1597839056189\"><div class=\"wpb_wrapper\"><div class=\"vc_row wpb_row vc_inner vc_row-fluid vc_custom_1600781245444 vc_custom_1600781245445 vc_custom_1600781245446 vc_row-bg-position-top\"><div class=\"wpb_column vc_column_container vc_col-sm-12\"><div class=\"vc_column-inner\"><div class=\"wpb_wrapper\"><header class=\"kd-section-title col-lg-12 text-center  subtitle-below-title kd-animated fadeIn   vc_custom_1713790306246\" data-animation-delay=200><h2 class=\"separator_off\" >Nos Services<\/h2><h6 class=\"subtitle\" >La Chambre de Commerce Italie-S\u00e9n\u00e9gal et Afrique de l'Ouest sert de pont entre le march\u00e9 italien et celui de l\u2019Afrique occidentale. Nos services visent \u00e0 obtenir les meilleurs r\u00e9sultats pour nos clients, faisant de notre institution le meilleur choix pour d\u00e9velopper votre entreprise !<\/h6><\/header><\/div><\/div><\/div><\/div><div class=\"vc_row wpb_row vc_inner vc_row-fluid vc_custom_1598637844246 vc_custom_1598637844247 vc_custom_1598637844248 vc_row-has-padding-bottom vc_row-bg-position-top\"><div class=\"wpb_column vc_column_container vc_col-sm-6\"><div class=\"vc_column-inner\"><div class=\"wpb_wrapper\"><div class=\"key-icon-box icon-default icon-left cont-left ib-hover-2 with-shadow    icon-no-background icon-no-border kd-animated fadeInUp\" style=\"background-color: transparent;\" data-animation-delay=200><div class=\"ib-wrapper\" style=\"padding-top:45px;padding-bottom:45px;padding-left:35px;padding-right:35px;\"><div class=\"ib-simple-icon-wrapper\" ><i class=\"iconsmind-Green-Energy iconsmind-Nature\" style=\"font-size: 40px;font-weight: 400;\"><\/i> <\/div><h5 class=\"service-heading\" >\u00c9tudes de faisabilit\u00e9<\/h5><p style=\"font-size: 17px;\">Nous nous occupons de recherches, d\u2019enqu\u00eates statistiques et d\u2019analyses commerciales dans le but de fournir des informations fondamentales aux entreprises italiennes qui souhaitent entrer sur le march\u00e9 de l\u2019Afrique de l\u2019Ouest<\/p><\/div><\/div><\/div><\/div><\/div><div class=\"wpb_column vc_column_container vc_col-sm-6\"><div class=\"vc_column-inner\"><div class=\"wpb_wrapper\"><div class=\"key-icon-box icon-default icon-left cont-left ib-hover-2 with-shadow    icon-no-background icon-no-border kd-animated fadeInUp\" style=\"background-color: transparent;\" data-animation-delay=200><div class=\"ib-wrapper\" style=\"padding-top:45px;padding-bottom:45px;padding-left:35px;padding-right:35px;\"><div class=\"ib-simple-icon-wrapper\" ><i class=\"fas fa-address-book\" style=\"font-size: 40px;\"><\/i> <\/div><h5 class=\"service-heading\" >Contacts<\/h5><p style=\"font-size: 17px;\">Nous identifions les importateurs, distributeurs, fournisseurs et clients potentiels parfaits afin que votre entreprise puisse exporter efficacement de l\u2019Italie vers l\u2019Afrique de l\u2019Ouest et vice versa.<\/p><\/div><\/div><\/div><\/div><\/div><\/div><div class=\"vc_row wpb_row vc_inner vc_row-fluid vc_custom_1597669510031 vc_row-has-padding-bottom vc_row-bg-position-top\"><div class=\"wpb_column vc_column_container vc_col-sm-6\"><div class=\"vc_column-inner\"><div class=\"wpb_wrapper\"><div class=\"key-icon-box icon-default icon-left cont-left ib-hover-2 with-shadow    icon-no-background icon-no-border kd-animated fadeInUp\" style=\"background-color: transparent;\" data-animation-delay=200><div class=\"ib-wrapper\" style=\"padding-top:45px;padding-bottom:45px;padding-left:35px;padding-right:35px;\"><div class=\"ib-simple-icon-wrapper\" ><i class=\"iconsmind-Handshake iconsmind-Business-Finance\" style=\"font-size: 40px;font-weight: 400;\"><\/i> <\/div><h5 class=\"service-heading\" >Scouting et rencontres B2B<\/h5><p style=\"font-size: 17px;\">Nous trouvons vos prochains clients potentiels, investisseurs, partenaires de coentreprises et agents de transfert technologique, pour B2B en Afrique de l\u2019Ouest et en Italie.<\/p><\/div><\/div><\/div><\/div><\/div><div class=\"wpb_column vc_column_container vc_col-sm-6\"><div class=\"vc_column-inner\"><div class=\"wpb_wrapper\"><div class=\"key-icon-box icon-default icon-left cont-left ib-hover-2 with-shadow    icon-no-background icon-no-border kd-animated fadeInUp\" style=\"background-color: transparent;\" data-animation-delay=200><div class=\"ib-wrapper\" style=\"padding-top:45px;padding-bottom:45px;padding-left:35px;padding-right:35px;\"><div class=\"ib-simple-icon-wrapper\" ><i class=\"iconsmind-Monitor-Analytics iconsmind-Seo-Icons\" style=\"font-size: 40px;font-weight: 400;\"><\/i> <\/div><h5 class=\"service-heading\" >\u00c9tudes de march\u00e9<\/h5><p style=\"font-size: 17px;\">Nous fournissons des statistiques, des informations sur les droits de douane, des analyses de la concurrence et une \u00e9valuation globale des possibilit\u00e9s pour votre entreprise d\u2019entrer sur le march\u00e9 de l\u2019Afrique de l\u2019Ouest ou en Italie.<\/p><\/div><\/div><\/div><\/div><\/div><\/div><div class=\"vc_row wpb_row vc_inner vc_row-fluid vc_custom_1597669510031 vc_row-has-padding-bottom vc_row-bg-position-top\"><div class=\"wpb_column vc_column_container vc_col-sm-6\"><div class=\"vc_column-inner\"><div class=\"wpb_wrapper\"><div class=\"key-icon-box icon-default icon-left cont-left ib-hover-2 with-shadow    icon-no-background icon-no-border kd-animated fadeInUp\" style=\"background-color: transparent;\" data-animation-delay=200><div class=\"ib-wrapper\" style=\"padding-top:45px;padding-bottom:45px;padding-left:35px;padding-right:35px;\"><div class=\"ib-simple-icon-wrapper\" ><i class=\"iconsmind-Optimization iconsmind-Seo-Icons\" style=\"font-size: 40px;font-weight: 400;\"><\/i> <\/div><h5 class=\"service-heading\" >Brand Audit &amp; Discovery<\/h5><p style=\"font-size: 17px;\">We create functional and intuitive interfaces and<br \/>\napps for desktop and mobile friendly platforms.<\/p><\/div><\/div><\/div><\/div><\/div><div class=\"wpb_column vc_column_container vc_col-sm-6\"><div class=\"vc_column-inner\"><div class=\"wpb_wrapper\"><div class=\"key-icon-box icon-default icon-left cont-left ib-hover-2 with-shadow    icon-no-background icon-no-border kd-animated fadeInUp\" style=\"background-color: transparent;\" data-animation-delay=200><div class=\"ib-wrapper\" style=\"padding-top:45px;padding-bottom:45px;padding-left:35px;padding-right:35px;\"><div class=\"ib-simple-icon-wrapper\" ><i class=\"fas fa-bezier-curve\" style=\"font-size: 40px;\"><\/i> <\/div><h5 class=\"service-heading\" >User Experience Design<\/h5><p style=\"font-size: 17px;\">We create functional and intuitive interfaces and<br \/>\napps for desktop and mobile friendly platforms.<\/p><\/div><\/div><\/div><\/div><\/div><\/div><div class=\"vc_row wpb_row vc_inner vc_row-fluid vc_custom_1597669510031 vc_row-has-padding-bottom vc_row-bg-position-top\"><div class=\"wpb_column vc_column_container vc_col-sm-6\"><div class=\"vc_column-inner\"><div class=\"wpb_wrapper\"><div class=\"key-icon-box icon-default icon-left cont-left ib-hover-2 with-shadow    icon-no-background icon-no-border kd-animated fadeInUp\" style=\"background-color: transparent;\" data-animation-delay=200><div class=\"ib-wrapper\" style=\"padding-top:45px;padding-bottom:45px;padding-left:35px;padding-right:35px;\"><div class=\"ib-simple-icon-wrapper\" ><i class=\"far fa-calendar-alt\" style=\"font-size: 40px;\"><\/i> <\/div><h5 class=\"service-heading\" >\u00c9v\u00e9nementiel<\/h5><p style=\"font-size: 17px;\">La Chambre offre \u00e0 ses clients un excellent service d\u2019organisation d\u2019\u00e9v\u00e9nements. Nous en g\u00e9rons plusieurs chaque ann\u00e9e !<\/p><\/div><\/div><\/div><\/div><\/div><div class=\"wpb_column vc_column_container vc_col-sm-6\"><div class=\"vc_column-inner\"><div class=\"wpb_wrapper\"><div class=\"key-icon-box icon-default icon-left cont-left ib-hover-2 with-shadow    icon-no-background icon-no-border kd-animated fadeInUp\" style=\"background-color: transparent;\" data-animation-delay=200><div class=\"ib-wrapper\" style=\"padding-top:45px;padding-bottom:45px;padding-left:35px;padding-right:35px;\"><div class=\"ib-simple-icon-wrapper\" ><i class=\"iconsmind-Business-Mens iconsmind-People\" style=\"font-size: 40px;font-weight: 400;\"><\/i> <\/div><h5 class=\"service-heading\" >Repr\u00e9sentativit\u00e9<\/h5><p style=\"font-size: 17px;\">Nous repr\u00e9sentons les demandes de nos membres aupr\u00e8s des autorit\u00e9s italiennes et celles des pays africains dans lesquels nous sommes pr\u00e9sents.<\/p><\/div><\/div><\/div><\/div><\/div><\/div><div class=\"vc_row wpb_row vc_inner vc_row-fluid vc_custom_1597669510031 vc_row-has-padding-bottom vc_row-bg-position-top\"><div class=\"wpb_column vc_column_container vc_col-sm-6\"><div class=\"vc_column-inner\"><div class=\"wpb_wrapper\"><div class=\"key-icon-box icon-default icon-left cont-left ib-hover-2 with-shadow    icon-no-background icon-no-border kd-animated fadeInUp\" style=\"background-color: transparent;\" data-animation-delay=200><div class=\"ib-wrapper\" style=\"padding-top:45px;padding-bottom:45px;padding-left:35px;padding-right:35px;\"><div class=\"ib-simple-icon-wrapper\" ><i class=\"iconsmind-Financial iconsmind-Business-Finance\" style=\"font-size: 40px;font-weight: 400;\"><\/i> <\/div><h5 class=\"service-heading\" >Aide \u00e0 la recherche de financement<\/h5><p style=\"font-size: 17px;\">Nous sommes en contact permanent avec les principales coop\u00e9rations<\/p><\/div><\/div><\/div><\/div><\/div><div class=\"wpb_column vc_column_container vc_col-sm-6\"><div class=\"vc_column-inner\"><div class=\"wpb_wrapper\"><div class=\"key-icon-box icon-default icon-left cont-left ib-hover-2 with-shadow    icon-no-background icon-no-border kd-animated fadeInUp\" style=\"background-color: transparent;\" data-animation-delay=200><div class=\"ib-wrapper\" style=\"padding-top:45px;padding-bottom:45px;padding-left:35px;padding-right:35px;\"><div class=\"ib-simple-icon-wrapper\" ><i class=\"fas fa-balance-scale-right\" style=\"font-size: 40px;\"><\/i> <\/div><h5 class=\"service-heading\" >Assistance juridique, fiscale et administrative<\/h5><p style=\"font-size: 17px;\">Dans tous les pays o\u00f9 nous sommes pr\u00e9sents.<\/p><\/div><\/div><\/div><\/div><\/div><\/div><\/div><\/div><\/div><\/div><div class=\"vc_row-full-width vc_clearfix\"><\/div>\n<\/div>","protected":false},"excerpt":{"rendered":"Nos ServicesLa Chambre de Commerce Italie-S\u00e9n\u00e9gal et Afrique de l'Ouest sert de pont entre le march\u00e9 italien et celui de [...]","protected":false},"author":1,"featured_media":0,"parent":0,"menu_order":0,"comment_status":"closed","ping_status":"closed","template":"","meta":{"footnotes":""},"class_list":["post-9633","page","type-page","status-publish","hentry"],"_links":{"self":[{"href":"https:\/\/cisaocam.com\/fr\/wp-json\/wp\/v2\/pages\/9633","targetHints":{"allow":["GET"]}}],"collection":[{"href":"https:\/\/cisaocam.com\/fr\/wp-json\/wp\/v2\/pages"}],"about":[{"href":"https:\/\/cisaocam.com\/fr\/wp-json\/wp\/v2\/types\/page"}],"author":[{"embeddable":true,"href":"https:\/\/cisaocam.com\/fr\/wp-json\/wp\/v2\/users\/1"}],"replies":[{"embeddable":true,"href":"https:\/\/cisaocam.com\/fr\/wp-json\/wp\/v2\/comments?post=9633"}],"version-history":[{"count":7,"href":"https:\/\/cisaocam.com\/fr\/wp-json\/wp\/v2\/pages\/9633\/revisions"}],"predecessor-version":[{"id":10106,"href":"https:\/\/cisaocam.com\/fr\/wp-json\/wp\/v2\/pages\/9633\/revisions\/10106"}],"wp:attachment":[{"href":"https:\/\/cisaocam.com\/fr\/wp-json\/wp\/v2\/media?parent=9633"}],"curies":[{"name":"wp","href":"https:\/\/api.w.org\/{rel}","templated":true}]}}