{"id":9619,"date":"2024-04-22T12:27:29","date_gmt":"2024-04-22T12:27:29","guid":{"rendered":"https:\/\/cisaocam.com\/?page_id=9619"},"modified":"2025-02-21T16:34:11","modified_gmt":"2025-02-21T16:34:11","slug":"qui-sommes-nous","status":"publish","type":"page","link":"https:\/\/cisaocam.com\/it\/qui-sommes-nous\/","title":{"rendered":"Qui  sommes nous"},"content":{"rendered":"<div class=\"wpb-content-wrapper\"><div data-vc-full-width=\"true\" data-vc-full-width-init=\"false\" class=\"vc_row wpb_row vc_row-fluid vc_row-bg-position-top\"><div class=\"wpb_column vc_column_container vc_col-sm-12\"><div class=\"vc_column-inner vc_custom_1515752234075\"><div class=\"wpb_wrapper\"><div class=\"vc_empty_space\"   style=\"height: 250px\"><span class=\"vc_empty_space_inner\"><\/span><\/div><header class=\"kd-section-title vc_col-lg-6 vc_col-sm-8 text-center  subtitle-below-title kd-animated fadeIn   vc_custom_1715790328967\" data-animation-delay=\"200\"><h2 class=\"separator_off\" >Chi Siamo<\/h2><\/header><div class=\"vc_row wpb_row vc_inner vc_row-fluid vc_custom_1598625305889 vc_row-has-padding-top vc_row-bg-position-top\"><div class=\"wpb_column vc_column_container vc_col-sm-12\"><div class=\"vc_column-inner\"><div class=\"wpb_wrapper\">\n\t<div class=\"wpb_text_column wpb_content_element\" >\n\t\t<div class=\"wpb_wrapper\">\n\t\t\t<div id=\"website\">\n<div id=\"aCC5\">\n<div id=\"mc5\">\n<div id=\"178\">\n<div id=\"testo_178\" class=\"testoc\">\n<p>La Chambre de Commerce Italienne S\u00e9n\u00e9galaise et Ouest Africaine est une association priv\u00e9e d&#8217;entrepreneurs italiens et ouest-africains, fond\u00e9e en 2002 et officiellement reconnue par le Minist\u00e8re du Commerce et du Made in Italy, par le Minist\u00e8re des Affaires \u00c9trang\u00e8res et de la Coop\u00e9ration et inscrite au Registre des chambres de commerce du circuit Unioncamere avec plus de 400 000 entreprises italiennes (www.camcom.gov.it).<\/p>\n<p>&nbsp;<\/p>\n<p>La Camera di Commercio ha l'obiettivo di promuovere le relazioni commerciali e i legami economici tra le imprese italiane e quelle dell'Africa occidentale.<\/p>\n<p>&nbsp;<\/p>\n<p>La structure agit en r\u00e9ciprocit\u00e9 au profit des entrepreneurs italiens et ouest-africains en leur offrant un service d&#8217;accompagnement, de lobbying, d&#8217;interm\u00e9diation, de conseil et de renseignement. C&#8217;est aussi un lieu de rencontres personnelles et de d\u00e9bats professionnels o\u00f9 se retrouvent le \u00ab savoir-faire \u00bb des partenaires et les connaissances sp\u00e9cifiques de personnes hautement qualifi\u00e9es.<\/p>\n<p>&nbsp;<\/p>\n<p>La Chambre est un point de d\u00e9part important pour toute activit\u00e9 qui se d\u00e9roule entre l&#8217;Italie et l&#8217;Afrique de l&#8217;Ouest.<\/p>\n<p>&nbsp;<\/p>\n<p>&nbsp;<\/p>\n<\/div>\n<div class=\"opsSharer\"><\/div>\n<\/div>\n<\/div>\n<\/div>\n<\/div>\n<h5 id=\"fb_pixel\"><\/h5>\n\n\t\t<\/div>\n\t<\/div>\n<\/div><\/div><\/div><\/div><\/div><\/div><\/div><\/div><div class=\"vc_row-full-width vc_clearfix\"><\/div><div data-vc-full-width=\"true\" data-vc-full-width-init=\"false\" class=\"vc_row wpb_row vc_row-fluid vc_row-bg-position-top\"><div class=\"wpb_column vc_column_container vc_col-sm-12\"><div class=\"vc_column-inner vc_custom_1597847730631\"><div class=\"wpb_wrapper\"><div class=\"vc_row wpb_row vc_inner vc_row-fluid vc_custom_1597846100965 vc_row-has-padding-top vc_row-has-padding-bottom vc_row-bg-position-top\"><div class=\"wpb_column vc_column_container vc_col-sm-4\"><div class=\"vc_column-inner vc_custom_1597847632303\"><div class=\"wpb_wrapper\"><div class=\"team-member design-classic kd-animated fadeInUp\" >\r\n                    <div class=\"team-content\">\r\n                        <div class=\"team-image-overlay\"><\/div>\r\n                        <div class=\"team-image\"><img loading=\"lazy\" decoding=\"async\" width=\"782\" height=\"782\" src=\"https:\/\/cisaocam.com\/wp-content\/uploads\/2024\/06\/1575497886633.jpg\" class=\"attachment-full\" alt=\"\" title=\"Avv. Prof. Felice Barlassina\" srcset=\"https:\/\/cisaocam.com\/wp-content\/uploads\/2024\/06\/1575497886633.jpg 782w, https:\/\/cisaocam.com\/wp-content\/uploads\/2024\/06\/1575497886633-300x300.jpg 300w, https:\/\/cisaocam.com\/wp-content\/uploads\/2024\/06\/1575497886633-150x150.jpg 150w, https:\/\/cisaocam.com\/wp-content\/uploads\/2024\/06\/1575497886633-768x768.jpg 768w, https:\/\/cisaocam.com\/wp-content\/uploads\/2024\/06\/1575497886633-320x320.jpg 320w\" sizes=\"auto, (max-width: 782px) 100vw, 782px\" \/><\/div>\r\n                        <div class=\"team-content-text\" >\r\n                        <div class=\"team-content-text-inner\">\r\n                        <h5 >Avv. Prof. Felice Barlassina<\/h5>\r\n                        <span class=\"team-subtitle\" >Presidente<\/span>\r\n                        <p ><\/p><\/div><div class=\"team-socials\"><a href=\"https:\/\/www.linkedin.com\/in\/felice-maria-barlassina-7146196a\/\" target=\"_blank\"><span class=\"fab fa-linkedin-in\" ><\/span><\/a><\/div><\/div>\r\n                    <\/div>\r\n                <\/div><\/div><\/div><\/div><div class=\"wpb_column vc_column_container vc_col-sm-4\"><div class=\"vc_column-inner vc_custom_1597847635668\"><div class=\"wpb_wrapper\"><div class=\"team-member design-classic kd-animated fadeInUp\" data-animation-delay=\"200\">\r\n                    <div class=\"team-content\">\r\n                        <div class=\"team-image-overlay\"><\/div>\r\n                        <div class=\"team-image\"><img loading=\"lazy\" decoding=\"async\" width=\"800\" height=\"800\" src=\"https:\/\/cisaocam.com\/wp-content\/uploads\/2024\/06\/1673460646325.jpg\" class=\"attachment-full\" alt=\"\" title=\"Avv. Raffaele Cavani\" srcset=\"https:\/\/cisaocam.com\/wp-content\/uploads\/2024\/06\/1673460646325.jpg 800w, https:\/\/cisaocam.com\/wp-content\/uploads\/2024\/06\/1673460646325-300x300.jpg 300w, https:\/\/cisaocam.com\/wp-content\/uploads\/2024\/06\/1673460646325-150x150.jpg 150w, https:\/\/cisaocam.com\/wp-content\/uploads\/2024\/06\/1673460646325-768x768.jpg 768w, https:\/\/cisaocam.com\/wp-content\/uploads\/2024\/06\/1673460646325-320x320.jpg 320w\" sizes=\"auto, (max-width: 800px) 100vw, 800px\" \/><\/div>\r\n                        <div class=\"team-content-text\" >\r\n                        <div class=\"team-content-text-inner\">\r\n                        <h5 >Avv. Raffaele Cavani<\/h5>\r\n                        <span class=\"team-subtitle\" >Vice-presidente<\/span>\r\n                        <p ><\/p><\/div><div class=\"team-socials\"><a href=\"https:\/\/www.linkedin.com\/in\/raffaele-cavani-b2b685188\/\" target=\"_blank\"><span class=\"fab fa-linkedin-in\" ><\/span><\/a><\/div><\/div>\r\n                    <\/div>\r\n                <\/div><\/div><\/div><\/div><div class=\"wpb_column vc_column_container vc_col-sm-4\"><div class=\"vc_column-inner vc_custom_1597847639831\"><div class=\"wpb_wrapper\"><div class=\"team-member design-classic kd-animated fadeInUp\" data-animation-delay=\"400\">\r\n                    <div class=\"team-content\">\r\n                        <div class=\"team-image-overlay\"><\/div>\r\n                        <div class=\"team-image\"><\/div>\r\n                        <div class=\"team-content-text\" >\r\n                        <div class=\"team-content-text-inner\">\r\n                        <h5 >Dott. Renaud Vismara<\/h5>\r\n                        <span class=\"team-subtitle\" >Vice-presidente<\/span>\r\n                        <p ><\/p><\/div><div class=\"team-socials\"><a href=\"https:\/\/www.linkedin.com\/in\/renaud-vismara-6ba8312a\/\" target=\"_blank\"><span class=\"fab fa-linkedin-in\" ><\/span><\/a><\/div><\/div>\r\n                    <\/div>\r\n                <\/div><\/div><\/div><\/div><\/div><div class=\"vc_row wpb_row vc_inner vc_row-fluid vc_custom_1597846100965 vc_row-has-padding-top vc_row-has-padding-bottom vc_row-bg-position-top\"><div class=\"wpb_column vc_column_container vc_col-sm-4\"><div class=\"vc_column-inner vc_custom_1597847632303\"><div class=\"wpb_wrapper\"><div class=\"team-member design-classic kd-animated fadeInUp\" >\r\n                    <div class=\"team-content\">\r\n                        <div class=\"team-image-overlay\"><\/div>\r\n                        <div class=\"team-image\"><img loading=\"lazy\" decoding=\"async\" width=\"2560\" height=\"1702\" src=\"https:\/\/cisaocam.com\/wp-content\/uploads\/2025\/02\/Pensa-scaled.jpg\" class=\"attachment-full\" alt=\"\" title=\"Pensa\" srcset=\"https:\/\/cisaocam.com\/wp-content\/uploads\/2025\/02\/Pensa-scaled.jpg 2560w, https:\/\/cisaocam.com\/wp-content\/uploads\/2025\/02\/Pensa-300x199.jpg 300w, https:\/\/cisaocam.com\/wp-content\/uploads\/2025\/02\/Pensa-1024x681.jpg 1024w, https:\/\/cisaocam.com\/wp-content\/uploads\/2025\/02\/Pensa-768x511.jpg 768w, https:\/\/cisaocam.com\/wp-content\/uploads\/2025\/02\/Pensa-1536x1021.jpg 1536w, https:\/\/cisaocam.com\/wp-content\/uploads\/2025\/02\/Pensa-2048x1362.jpg 2048w, https:\/\/cisaocam.com\/wp-content\/uploads\/2025\/02\/Pensa-18x12.jpg 18w, https:\/\/cisaocam.com\/wp-content\/uploads\/2025\/02\/Pensa-800x532.jpg 800w\" sizes=\"auto, (max-width: 2560px) 100vw, 2560px\" \/><\/div>\r\n                        <div class=\"team-content-text\" >\r\n                        <div class=\"team-content-text-inner\">\r\n                        <h5 >Ing. Giovanni Pensa<\/h5>\r\n                        <span class=\"team-subtitle\" >Tesoriere<\/span>\r\n                        <p ><\/p><\/div><div class=\"team-socials\"><a href=\"https:\/\/www.linkedin.com\/in\/giovanni-pensa-510985108\/\" target=\"_blank\"><span class=\"fab fa-linkedin-in\" ><\/span><\/a><\/div><\/div>\r\n                    <\/div>\r\n                <\/div><\/div><\/div><\/div><div class=\"wpb_column vc_column_container vc_col-sm-4\"><div class=\"vc_column-inner vc_custom_1597847635668\"><div class=\"wpb_wrapper\"><div class=\"team-member design-classic kd-animated fadeInUp\" data-animation-delay=\"400\">\r\n                    <div class=\"team-content\">\r\n                        <div class=\"team-image-overlay\"><\/div>\r\n                        <div class=\"team-image\"><img loading=\"lazy\" decoding=\"async\" width=\"1887\" height=\"1277\" src=\"https:\/\/cisaocam.com\/wp-content\/uploads\/2025\/02\/Vanessa-e1740151721409.jpg\" class=\"attachment-full\" alt=\"\" title=\"Vanessa\" srcset=\"https:\/\/cisaocam.com\/wp-content\/uploads\/2025\/02\/Vanessa-e1740151721409.jpg 1887w, https:\/\/cisaocam.com\/wp-content\/uploads\/2025\/02\/Vanessa-e1740151721409-300x203.jpg 300w, https:\/\/cisaocam.com\/wp-content\/uploads\/2025\/02\/Vanessa-e1740151721409-1024x693.jpg 1024w, https:\/\/cisaocam.com\/wp-content\/uploads\/2025\/02\/Vanessa-e1740151721409-768x520.jpg 768w, https:\/\/cisaocam.com\/wp-content\/uploads\/2025\/02\/Vanessa-e1740151721409-1536x1039.jpg 1536w, https:\/\/cisaocam.com\/wp-content\/uploads\/2025\/02\/Vanessa-e1740151721409-18x12.jpg 18w, https:\/\/cisaocam.com\/wp-content\/uploads\/2025\/02\/Vanessa-e1740151721409-800x541.jpg 800w\" sizes=\"auto, (max-width: 1887px) 100vw, 1887px\" \/><\/div>\r\n                        <div class=\"team-content-text\" >\r\n                        <div class=\"team-content-text-inner\">\r\n                        <h5 >Vanessa Mwatula Kabuya<\/h5>\r\n                        <span class=\"team-subtitle\" >Assistente Senegal<\/span>\r\n                        <p ><\/p><\/div><div class=\"team-socials\"><a href=\"#\" target=\"_blank\"><span class=\"fab fa-linkedin-in\" ><\/span><\/a><\/div><\/div>\r\n                    <\/div>\r\n                <\/div><\/div><\/div><\/div><div class=\"wpb_column vc_column_container vc_col-sm-4\"><div class=\"vc_column-inner vc_custom_1597847639831\"><div class=\"wpb_wrapper\"><div class=\"team-member design-classic kd-animated fadeInUp\" data-animation-delay=\"400\">\r\n                    <div class=\"team-content\">\r\n                        <div class=\"team-image-overlay\"><\/div>\r\n                        <div class=\"team-image\"><img loading=\"lazy\" decoding=\"async\" width=\"319\" height=\"203\" src=\"https:\/\/cisaocam.com\/wp-content\/uploads\/2024\/06\/1517023634234-e1740151749226.jpg\" class=\"attachment-full\" alt=\"\" title=\"Christian Faye\" srcset=\"https:\/\/cisaocam.com\/wp-content\/uploads\/2024\/06\/1517023634234-e1740151749226.jpg 319w, https:\/\/cisaocam.com\/wp-content\/uploads\/2024\/06\/1517023634234-e1740151749226-300x191.jpg 300w, https:\/\/cisaocam.com\/wp-content\/uploads\/2024\/06\/1517023634234-e1740151749226-18x12.jpg 18w\" sizes=\"auto, (max-width: 319px) 100vw, 319px\" \/><\/div>\r\n                        <div class=\"team-content-text\" >\r\n                        <div class=\"team-content-text-inner\">\r\n                        <h5 >Me Christian Faye<\/h5>\r\n                        <span class=\"team-subtitle\" >Consigliere Generale<\/span>\r\n                        <p ><\/p><\/div><div class=\"team-socials\"><a href=\"https:\/\/www.linkedin.com\/in\/christian-faye-541857101\/\" target=\"_blank\"><span class=\"fab fa-linkedin-in\" ><\/span><\/a><\/div><\/div>\r\n                    <\/div>\r\n                <\/div><\/div><\/div><\/div><\/div><div class=\"vc_row wpb_row vc_inner vc_row-fluid vc_custom_1597846100965 vc_row-has-padding-top vc_row-has-padding-bottom vc_row-bg-position-top\"><div class=\"wpb_column vc_column_container vc_col-sm-4\"><div class=\"vc_column-inner vc_custom_1597847632303\"><div class=\"wpb_wrapper\"><div class=\"team-member design-classic kd-animated fadeInUp\" >\r\n                    <div class=\"team-content\">\r\n                        <div class=\"team-image-overlay\"><\/div>\r\n                        <div class=\"team-image\"><img loading=\"lazy\" decoding=\"async\" width=\"500\" height=\"500\" src=\"https:\/\/cisaocam.com\/wp-content\/uploads\/2024\/06\/1553522906029.jpg\" class=\"attachment-full\" alt=\"\" title=\"El Hadji Sidy SARR\" srcset=\"https:\/\/cisaocam.com\/wp-content\/uploads\/2024\/06\/1553522906029.jpg 500w, https:\/\/cisaocam.com\/wp-content\/uploads\/2024\/06\/1553522906029-300x300.jpg 300w, https:\/\/cisaocam.com\/wp-content\/uploads\/2024\/06\/1553522906029-150x150.jpg 150w, https:\/\/cisaocam.com\/wp-content\/uploads\/2024\/06\/1553522906029-320x320.jpg 320w\" sizes=\"auto, (max-width: 500px) 100vw, 500px\" \/><\/div>\r\n                        <div class=\"team-content-text\" >\r\n                        <div class=\"team-content-text-inner\">\r\n                        <h5 >Me El-Hadji Sidy Sarr<\/h5>\r\n                        <span class=\"team-subtitle\" >Consigliere Generale<\/span>\r\n                        <p ><\/p><\/div><div class=\"team-socials\"><a href=\"https:\/\/www.linkedin.com\/in\/el-hadji-sidy-sarr-b30940152\/\" target=\"_blank\"><span class=\"fab fa-linkedin-in\" ><\/span><\/a><\/div><\/div>\r\n                    <\/div>\r\n                <\/div><\/div><\/div><\/div><div class=\"wpb_column vc_column_container vc_col-sm-4\"><div class=\"vc_column-inner vc_custom_1597847635668\"><div class=\"wpb_wrapper\"><div class=\"team-member design-classic kd-animated fadeInUp\" data-animation-delay=\"200\">\r\n                    <div class=\"team-content\">\r\n                        <div class=\"team-image-overlay\"><\/div>\r\n                        <div class=\"team-image\"><img loading=\"lazy\" decoding=\"async\" width=\"341\" height=\"341\" src=\"https:\/\/cisaocam.com\/wp-content\/uploads\/2024\/06\/1517042482951.jpg\" class=\"attachment-full\" alt=\"\" title=\"Christian Ghigo Gaspari\" srcset=\"https:\/\/cisaocam.com\/wp-content\/uploads\/2024\/06\/1517042482951.jpg 341w, https:\/\/cisaocam.com\/wp-content\/uploads\/2024\/06\/1517042482951-300x300.jpg 300w, https:\/\/cisaocam.com\/wp-content\/uploads\/2024\/06\/1517042482951-150x150.jpg 150w, https:\/\/cisaocam.com\/wp-content\/uploads\/2024\/06\/1517042482951-320x320.jpg 320w\" sizes=\"auto, (max-width: 341px) 100vw, 341px\" \/><\/div>\r\n                        <div class=\"team-content-text\" >\r\n                        <div class=\"team-content-text-inner\">\r\n                        <h5 >Dott. Christian Ghigo Gaspari<\/h5>\r\n                        <span class=\"team-subtitle\" >Consigliere Generale<\/span>\r\n                        <p ><\/p><\/div><div class=\"team-socials\"><a href=\"https:\/\/www.linkedin.com\/in\/christian-ghigo-gaspari-ba48b687\/\" target=\"_blank\"><span class=\"fab fa-linkedin-in\" ><\/span><\/a><\/div><\/div>\r\n                    <\/div>\r\n                <\/div><\/div><\/div><\/div><div class=\"wpb_column vc_column_container vc_col-sm-4\"><div class=\"vc_column-inner vc_custom_1597847639831\"><div class=\"wpb_wrapper\"><div class=\"team-member design-classic kd-animated fadeInUp\" data-animation-delay=\"200\">\r\n                    <div class=\"team-content\">\r\n                        <div class=\"team-image-overlay\"><\/div>\r\n                        <div class=\"team-image\"><img decoding=\"async\" src=\"https:\/\/cisaocam.com\/wp-content\/plugins\/js_composer\/assets\/vc\/no_image.png\" alt=\"\" class=\"vc_img-placeholder\" \/><\/div>\r\n                        <div class=\"team-content-text\" >\r\n                        <div class=\"team-content-text-inner\">\r\n                        <h5 >Dott. Agostino de Pasquale<\/h5>\r\n                        <span class=\"team-subtitle\" >Segretario Generale<\/span>\r\n                        <p ><\/p><\/div><div class=\"team-socials\"><a href=\"#\" target=\"_blank\"><span class=\"fab fa-linkedin-in\" ><\/span><\/a><\/div><\/div>\r\n                    <\/div>\r\n                <\/div><\/div><\/div><\/div><\/div><div class=\"vc_row wpb_row vc_inner vc_row-fluid vc_custom_1597846100965 vc_row-has-padding-top vc_row-has-padding-bottom vc_row-bg-position-top\"><div class=\"wpb_column vc_column_container vc_col-sm-4\"><div class=\"vc_column-inner vc_custom_1597847632303\"><div class=\"wpb_wrapper\"><div class=\"team-member design-classic kd-animated fadeInUp\" >\r\n                    <div class=\"team-content\">\r\n                        <div class=\"team-image-overlay\"><\/div>\r\n                        <div class=\"team-image\"><img decoding=\"async\" src=\"https:\/\/cisaocam.com\/wp-content\/plugins\/js_composer\/assets\/vc\/no_image.png\" alt=\"\" class=\"vc_img-placeholder\" \/><\/div>\r\n                        <div class=\"team-content-text\" >\r\n                        <div class=\"team-content-text-inner\">\r\n                        <h5 >Marie Ange KOFFI<\/h5>\r\n                        <span class=\"team-subtitle\" > Segreteria della CISAO-Costa d'Avorio<\/span>\r\n                        <p ><\/p><\/div><div class=\"team-socials\"><a href=\"#\" target=\"_blank\"><span class=\"fab fa-linkedin-in\" ><\/span><\/a><\/div><\/div>\r\n                    <\/div>\r\n                <\/div><\/div><\/div><\/div><div class=\"wpb_column vc_column_container vc_col-sm-4\"><div class=\"vc_column-inner\"><div class=\"wpb_wrapper\"><div class=\"team-member design-classic kd-animated fadeInUp\" >\r\n                    <div class=\"team-content\">\r\n                        <div class=\"team-image-overlay\"><\/div>\r\n                        <div class=\"team-image\"><img decoding=\"async\" src=\"https:\/\/cisaocam.com\/wp-content\/plugins\/js_composer\/assets\/vc\/no_image.png\" alt=\"\" class=\"vc_img-placeholder\" \/><\/div>\r\n                        <div class=\"team-content-text\" >\r\n                        <div class=\"team-content-text-inner\">\r\n                        <h5 >Danilo FAGGIONI<\/h5>\r\n                        <span class=\"team-subtitle\" >Delegato<\/span>\r\n                        <p ><\/p><\/div><div class=\"team-socials\"><a href=\"#\" target=\"_blank\"><span class=\"fab fa-linkedin-in\" ><\/span><\/a><\/div><\/div>\r\n                    <\/div>\r\n                <\/div><\/div><\/div><\/div><div class=\"wpb_column vc_column_container vc_col-sm-4\"><div class=\"vc_column-inner\"><div class=\"wpb_wrapper\"><\/div><\/div><\/div><\/div><\/div><\/div><\/div><\/div><div class=\"vc_row-full-width vc_clearfix\"><\/div>\n<\/div>","protected":false},"excerpt":{"rendered":"Qui Sommes Nous ? La Chambre de Commerce Italienne S\u00e9n\u00e9galaise et Ouest Africaine est une association priv\u00e9e d'entrepreneurs italiens et [...]","protected":false},"author":1,"featured_media":0,"parent":0,"menu_order":0,"comment_status":"closed","ping_status":"closed","template":"","meta":{"footnotes":""},"class_list":["post-9619","page","type-page","status-publish","hentry"],"_links":{"self":[{"href":"https:\/\/cisaocam.com\/it\/wp-json\/wp\/v2\/pages\/9619","targetHints":{"allow":["GET"]}}],"collection":[{"href":"https:\/\/cisaocam.com\/it\/wp-json\/wp\/v2\/pages"}],"about":[{"href":"https:\/\/cisaocam.com\/it\/wp-json\/wp\/v2\/types\/page"}],"author":[{"embeddable":true,"href":"https:\/\/cisaocam.com\/it\/wp-json\/wp\/v2\/users\/1"}],"replies":[{"embeddable":true,"href":"https:\/\/cisaocam.com\/it\/wp-json\/wp\/v2\/comments?post=9619"}],"version-history":[{"count":28,"href":"https:\/\/cisaocam.com\/it\/wp-json\/wp\/v2\/pages\/9619\/revisions"}],"predecessor-version":[{"id":10112,"href":"https:\/\/cisaocam.com\/it\/wp-json\/wp\/v2\/pages\/9619\/revisions\/10112"}],"wp:attachment":[{"href":"https:\/\/cisaocam.com\/it\/wp-json\/wp\/v2\/media?parent=9619"}],"curies":[{"name":"wp","href":"https:\/\/api.w.org\/{rel}","templated":true}]}}