{"id":9633,"date":"2024-04-22T12:45:31","date_gmt":"2024-04-22T12:45:31","guid":{"rendered":"https:\/\/cisaocam.com\/?page_id=9633"},"modified":"2025-02-21T15:00:29","modified_gmt":"2025-02-21T15:00:29","slug":"services","status":"publish","type":"page","link":"https:\/\/cisaocam.com\/it\/services\/","title":{"rendered":"Services"},"content":{"rendered":"<div class=\"wpb-content-wrapper\"><div class=\"vc_row wpb_row vc_row-fluid vc_row-bg-position-top\"><div class=\"wpb_column vc_column_container vc_col-sm-12\"><div class=\"vc_column-inner\"><div class=\"wpb_wrapper\"><div class=\"vc_empty_space\"   style=\"height: 120px\"><span class=\"vc_empty_space_inner\"><\/span><\/div><\/div><\/div><\/div><\/div><div data-vc-full-width=\"true\" data-vc-full-width-init=\"false\" class=\"vc_row wpb_row vc_row-fluid vc_custom_1599557409421 vc_row-has-fill vc_row-has-padding-top vc_row-bg-position-bottom\"><div class=\"wpb_column vc_column_container vc_col-sm-12\"><div class=\"vc_column-inner vc_custom_1597839056189\"><div class=\"wpb_wrapper\"><div class=\"vc_row wpb_row vc_inner vc_row-fluid vc_custom_1600781245444 vc_custom_1600781245445 vc_custom_1600781245446 vc_row-bg-position-top\"><div class=\"wpb_column vc_column_container vc_col-sm-12\"><div class=\"vc_column-inner\"><div class=\"wpb_wrapper\"><header class=\"kd-section-title col-lg-12 text-center  subtitle-below-title kd-animated fadeIn   vc_custom_1713790306246\" data-animation-delay=\"200\"><h2 class=\"separator_off\" >Nostri Servizi<\/h2><h6 class=\"subtitle\" >La Camera di Commercio Italia-Senegal e Africa Occidentale funge da ponte tra il mercato italiano e quello dell\u2019Africa occidentale. I nostri servizi mirano a ottenere i migliori risultati per i nostri clienti, rendendo la nostra istituzione la scelta migliore per sviluppare la vostra impresa!<\/h6><\/header><\/div><\/div><\/div><\/div><div class=\"vc_row wpb_row vc_inner vc_row-fluid vc_custom_1598637844246 vc_custom_1598637844247 vc_custom_1598637844248 vc_row-has-padding-bottom vc_row-bg-position-top\"><div class=\"wpb_column vc_column_container vc_col-sm-6\"><div class=\"vc_column-inner\"><div class=\"wpb_wrapper\"><div class=\"key-icon-box icon-default icon-left cont-left ib-hover-2 with-shadow    icon-no-background icon-no-border kd-animated fadeInUp\" style=\"background-color: transparent;\" data-animation-delay=\"200\"><div class=\"ib-wrapper\" style=\"padding-top:45px;padding-bottom:45px;padding-left:35px;padding-right:35px;\"><div class=\"ib-simple-icon-wrapper\" ><i class=\"iconsmind-Green-Energy iconsmind-Nature\" style=\"font-size: 40px;font-weight: 400;\"><\/i> <\/div><h5 class=\"service-heading\" >Studi di fattibilit\u00e0<\/h5><p style=\"font-size: 17px;\">Ci occupiamo di ricerche, indagini statistiche e analisi commerciali al fine di fornire informazioni fondamentali alle imprese italiane che desiderano entrare nel mercato dell'Africa Occidentale<\/p><\/div><\/div><\/div><\/div><\/div><div class=\"wpb_column vc_column_container vc_col-sm-6\"><div class=\"vc_column-inner\"><div class=\"wpb_wrapper\"><div class=\"key-icon-box icon-default icon-left cont-left ib-hover-2 with-shadow    icon-no-background icon-no-border kd-animated fadeInUp\" style=\"background-color: transparent;\" data-animation-delay=\"200\"><div class=\"ib-wrapper\" style=\"padding-top:45px;padding-bottom:45px;padding-left:35px;padding-right:35px;\"><div class=\"ib-simple-icon-wrapper\" ><i class=\"fas fa-address-book\" style=\"font-size: 40px;\"><\/i> <\/div><h5 class=\"service-heading\" >Contatti<\/h5><p style=\"font-size: 17px;\">Identifichiamo gli importatori, distributori, fornitori e clienti potenziali ideali affinch\u00e9 la vostra impresa possa esportare efficacemente dall'Italia all'Africa Occidentale e viceversa<\/p><\/div><\/div><\/div><\/div><\/div><\/div><div class=\"vc_row wpb_row vc_inner vc_row-fluid vc_custom_1597669510031 vc_row-has-padding-bottom vc_row-bg-position-top\"><div class=\"wpb_column vc_column_container vc_col-sm-6\"><div class=\"vc_column-inner\"><div class=\"wpb_wrapper\"><div class=\"key-icon-box icon-default icon-left cont-left ib-hover-2 with-shadow    icon-no-background icon-no-border kd-animated fadeInUp\" style=\"background-color: transparent;\" data-animation-delay=\"200\"><div class=\"ib-wrapper\" style=\"padding-top:45px;padding-bottom:45px;padding-left:35px;padding-right:35px;\"><div class=\"ib-simple-icon-wrapper\" ><i class=\"iconsmind-Handshake iconsmind-Business-Finance\" style=\"font-size: 40px;font-weight: 400;\"><\/i> <\/div><h5 class=\"service-heading\" >Scouting e incontri B2B<\/h5><p style=\"font-size: 17px;\">Troviamo i vostri prossimi clienti potenziali, investitori, partner di joint venture e agenti di trasferimento tecnologico per il B2B in Africa Occidentale e in Italia<\/p><\/div><\/div><\/div><\/div><\/div><div class=\"wpb_column vc_column_container vc_col-sm-6\"><div class=\"vc_column-inner\"><div class=\"wpb_wrapper\"><div class=\"key-icon-box icon-default icon-left cont-left ib-hover-2 with-shadow    icon-no-background icon-no-border kd-animated fadeInUp\" style=\"background-color: transparent;\" data-animation-delay=\"200\"><div class=\"ib-wrapper\" style=\"padding-top:45px;padding-bottom:45px;padding-left:35px;padding-right:35px;\"><div class=\"ib-simple-icon-wrapper\" ><i class=\"iconsmind-Monitor-Analytics iconsmind-Seo-Icons\" style=\"font-size: 40px;font-weight: 400;\"><\/i> <\/div><h5 class=\"service-heading\" >Studi di mercato<\/h5><p style=\"font-size: 17px;\">Forniamo statistiche, informazioni sui dazi doganali, analisi della concorrenza e una valutazione globale delle opportunit\u00e0 per la vostra impresa di entrare nel mercato dell'Africa Occidentale o in Italia<\/p><\/div><\/div><\/div><\/div><\/div><\/div><div class=\"vc_row wpb_row vc_inner vc_row-fluid vc_custom_1597669510031 vc_row-has-padding-bottom vc_row-bg-position-top\"><div class=\"wpb_column vc_column_container vc_col-sm-6\"><div class=\"vc_column-inner\"><div class=\"wpb_wrapper\"><div class=\"key-icon-box icon-default icon-left cont-left ib-hover-2 with-shadow    icon-no-background icon-no-border kd-animated fadeInUp\" style=\"background-color: transparent;\" data-animation-delay=\"200\"><div class=\"ib-wrapper\" style=\"padding-top:45px;padding-bottom:45px;padding-left:35px;padding-right:35px;\"><div class=\"ib-simple-icon-wrapper\" ><i class=\"iconsmind-Optimization iconsmind-Seo-Icons\" style=\"font-size: 40px;font-weight: 400;\"><\/i> <\/div><h5 class=\"service-heading\" >Audit e Scoperta del Brand<\/h5><p style=\"font-size: 17px;\">Creiamo interfacce funzionali e intuitive e<br \/>\napp per piattaforme desktop e mobile-friendly<\/p><\/div><\/div><\/div><\/div><\/div><div class=\"wpb_column vc_column_container vc_col-sm-6\"><div class=\"vc_column-inner\"><div class=\"wpb_wrapper\"><div class=\"key-icon-box icon-default icon-left cont-left ib-hover-2 with-shadow    icon-no-background icon-no-border kd-animated fadeInUp\" style=\"background-color: transparent;\" data-animation-delay=\"200\"><div class=\"ib-wrapper\" style=\"padding-top:45px;padding-bottom:45px;padding-left:35px;padding-right:35px;\"><div class=\"ib-simple-icon-wrapper\" ><i class=\"fas fa-bezier-curve\" style=\"font-size: 40px;\"><\/i> <\/div><h5 class=\"service-heading\" >Design dell'Esperienza Utente<\/h5><p style=\"font-size: 17px;\">Creiamo interfacce funzionali e intuitive e<br \/>\napp per piattaforme desktop e mobile-friendly<\/p><\/div><\/div><\/div><\/div><\/div><\/div><div class=\"vc_row wpb_row vc_inner vc_row-fluid vc_custom_1597669510031 vc_row-has-padding-bottom vc_row-bg-position-top\"><div class=\"wpb_column vc_column_container vc_col-sm-6\"><div class=\"vc_column-inner\"><div class=\"wpb_wrapper\"><div class=\"key-icon-box icon-default icon-left cont-left ib-hover-2 with-shadow    icon-no-background icon-no-border kd-animated fadeInUp\" style=\"background-color: transparent;\" data-animation-delay=\"200\"><div class=\"ib-wrapper\" style=\"padding-top:45px;padding-bottom:45px;padding-left:35px;padding-right:35px;\"><div class=\"ib-simple-icon-wrapper\" ><i class=\"far fa-calendar-alt\" style=\"font-size: 40px;\"><\/i> <\/div><h5 class=\"service-heading\" >Eventi<\/h5><p style=\"font-size: 17px;\">La Camera offre ai suoi clienti un eccellente servizio di organizzazione di eventi. Ne gestiamo diversi ogni anno!<\/p><\/div><\/div><\/div><\/div><\/div><div class=\"wpb_column vc_column_container vc_col-sm-6\"><div class=\"vc_column-inner\"><div class=\"wpb_wrapper\"><div class=\"key-icon-box icon-default icon-left cont-left ib-hover-2 with-shadow    icon-no-background icon-no-border kd-animated fadeInUp\" style=\"background-color: transparent;\" data-animation-delay=\"200\"><div class=\"ib-wrapper\" style=\"padding-top:45px;padding-bottom:45px;padding-left:35px;padding-right:35px;\"><div class=\"ib-simple-icon-wrapper\" ><i class=\"iconsmind-Business-Mens iconsmind-People\" style=\"font-size: 40px;font-weight: 400;\"><\/i> <\/div><h5 class=\"service-heading\" >Rappresentativit\u00e0<\/h5><p style=\"font-size: 17px;\">Rappresentiamo le richieste dei nostri membri presso le autorit\u00e0 italiane e quelle dei paesi africani in cui siamo presenti<\/p><\/div><\/div><\/div><\/div><\/div><\/div><div class=\"vc_row wpb_row vc_inner vc_row-fluid vc_custom_1597669510031 vc_row-has-padding-bottom vc_row-bg-position-top\"><div class=\"wpb_column vc_column_container vc_col-sm-6\"><div class=\"vc_column-inner\"><div class=\"wpb_wrapper\"><div class=\"key-icon-box icon-default icon-left cont-left ib-hover-2 with-shadow    icon-no-background icon-no-border kd-animated fadeInUp\" style=\"background-color: transparent;\" data-animation-delay=\"200\"><div class=\"ib-wrapper\" style=\"padding-top:45px;padding-bottom:45px;padding-left:35px;padding-right:35px;\"><div class=\"ib-simple-icon-wrapper\" ><i class=\"iconsmind-Financial iconsmind-Business-Finance\" style=\"font-size: 40px;font-weight: 400;\"><\/i> <\/div><h5 class=\"service-heading\" >Assistenza nella ricerca di finanziamenti<\/h5><p style=\"font-size: 17px;\">Siamo in contatto permanente con le principali cooperazioni<\/p><\/div><\/div><\/div><\/div><\/div><div class=\"wpb_column vc_column_container vc_col-sm-6\"><div class=\"vc_column-inner\"><div class=\"wpb_wrapper\"><div class=\"key-icon-box icon-default icon-left cont-left ib-hover-2 with-shadow    icon-no-background icon-no-border kd-animated fadeInUp\" style=\"background-color: transparent;\" data-animation-delay=\"200\"><div class=\"ib-wrapper\" style=\"padding-top:45px;padding-bottom:45px;padding-left:35px;padding-right:35px;\"><div class=\"ib-simple-icon-wrapper\" ><i class=\"fas fa-balance-scale-right\" style=\"font-size: 40px;\"><\/i> <\/div><h5 class=\"service-heading\" >Assistenza legale, fiscale e amministrativa<\/h5><p style=\"font-size: 17px;\">In tutti i paesi in cui siamo presenti<\/p><\/div><\/div><\/div><\/div><\/div><\/div><\/div><\/div><\/div><\/div><div class=\"vc_row-full-width vc_clearfix\"><\/div>\n<\/div>","protected":false},"excerpt":{"rendered":"Nos ServicesLa Chambre de Commerce Italie-S\u00e9n\u00e9gal et Afrique de l'Ouest sert de pont entre le march\u00e9 italien et celui de [...]","protected":false},"author":1,"featured_media":0,"parent":0,"menu_order":0,"comment_status":"closed","ping_status":"closed","template":"","meta":{"footnotes":""},"class_list":["post-9633","page","type-page","status-publish","hentry"],"_links":{"self":[{"href":"https:\/\/cisaocam.com\/it\/wp-json\/wp\/v2\/pages\/9633","targetHints":{"allow":["GET"]}}],"collection":[{"href":"https:\/\/cisaocam.com\/it\/wp-json\/wp\/v2\/pages"}],"about":[{"href":"https:\/\/cisaocam.com\/it\/wp-json\/wp\/v2\/types\/page"}],"author":[{"embeddable":true,"href":"https:\/\/cisaocam.com\/it\/wp-json\/wp\/v2\/users\/1"}],"replies":[{"embeddable":true,"href":"https:\/\/cisaocam.com\/it\/wp-json\/wp\/v2\/comments?post=9633"}],"version-history":[{"count":7,"href":"https:\/\/cisaocam.com\/it\/wp-json\/wp\/v2\/pages\/9633\/revisions"}],"predecessor-version":[{"id":10106,"href":"https:\/\/cisaocam.com\/it\/wp-json\/wp\/v2\/pages\/9633\/revisions\/10106"}],"wp:attachment":[{"href":"https:\/\/cisaocam.com\/it\/wp-json\/wp\/v2\/media?parent=9633"}],"curies":[{"name":"wp","href":"https:\/\/api.w.org\/{rel}","templated":true}]}}